{"id":46,"date":"2023-08-31T22:10:56","date_gmt":"2023-09-01T01:10:56","guid":{"rendered":"http:\/\/gradesleao.com.br\/?page_id=46"},"modified":"2023-10-16T07:22:58","modified_gmt":"2023-10-16T10:22:58","slug":"fechamento-de-area","status":"publish","type":"page","link":"https:\/\/gradesleao.com.br\/index.php\/fechamento-de-area\/","title":{"rendered":"Fechamento de \u00c1rea"},"content":{"rendered":"\t\t<div data-elementor-type=\"wp-page\" data-elementor-id=\"46\" class=\"elementor elementor-46\">\n\t\t\t\t\t\t\t<div class=\"elementor-element elementor-element-acc7ef1 e-flex e-con-boxed e-con\" data-id=\"acc7ef1\" data-element_type=\"container\" data-settings=\"{&quot;content_width&quot;:&quot;boxed&quot;}\">\n\t\t\t\t\t<div class=\"e-con-inner\">\n\t\t\t\t\t<\/div>\n\t\t\t\t<\/div>\n\t\t<div class=\"elementor-element elementor-element-d537a1e e-flex e-con-boxed e-con\" data-id=\"d537a1e\" data-element_type=\"container\" data-settings=\"{&quot;content_width&quot;:&quot;boxed&quot;}\">\n\t\t\t\t\t<div class=\"e-con-inner\">\n\t\t\t\t<div class=\"elementor-element elementor-element-bcc653a elementor-icon-list--layout-inline elementor-list-item-link-full_width elementor-widget elementor-widget-icon-list\" data-id=\"bcc653a\" data-element_type=\"widget\" data-widget_type=\"icon-list.default\">\n\t\t\t\t<div class=\"elementor-widget-container\">\n\t\t\t<link rel=\"stylesheet\" href=\"http:\/\/gradesleao.com.br\/wp-content\/plugins\/elementor\/assets\/css\/widget-icon-list.min.css\">\t\t<ul class=\"elementor-icon-list-items elementor-inline-items\">\n\t\t\t\t\t\t\t<li class=\"elementor-icon-list-item elementor-inline-item\">\n\t\t\t\t\t\t\t\t\t\t\t<a href=\"http:\/\/gradesleao.com.br\/\">\n\n\t\t\t\t\t\t\t\t\t\t\t<span class=\"elementor-icon-list-text\">Home <\/span>\n\t\t\t\t\t\t\t\t\t\t\t<\/a>\n\t\t\t\t\t\t\t\t\t<\/li>\n\t\t\t\t\t\t\t\t<li class=\"elementor-icon-list-item elementor-inline-item\">\n\t\t\t\t\t\t\t\t\t\t\t<a href=\"http:\/\/gradesleao.com.br\/index.php\/produtos\/\">\n\n\t\t\t\t\t\t\t\t\t\t\t\t<span class=\"elementor-icon-list-icon\">\n\t\t\t\t\t\t\t<i aria-hidden=\"true\" class=\"fas fa-angle-right\"><\/i>\t\t\t\t\t\t<\/span>\n\t\t\t\t\t\t\t\t\t\t<span class=\"elementor-icon-list-text\">Produtos<\/span>\n\t\t\t\t\t\t\t\t\t\t\t<\/a>\n\t\t\t\t\t\t\t\t\t<\/li>\n\t\t\t\t\t\t\t\t<li class=\"elementor-icon-list-item elementor-inline-item\">\n\t\t\t\t\t\t\t\t\t\t\t<a href=\"http:\/\/gradesleao.com.br\/index.php\/fechamento-de-area\/\">\n\n\t\t\t\t\t\t\t\t\t\t\t\t<span class=\"elementor-icon-list-icon\">\n\t\t\t\t\t\t\t<i aria-hidden=\"true\" class=\"fas fa-angle-right\"><\/i>\t\t\t\t\t\t<\/span>\n\t\t\t\t\t\t\t\t\t\t<span class=\"elementor-icon-list-text\">Fechamento de \u00c1rea<\/span>\n\t\t\t\t\t\t\t\t\t\t\t<\/a>\n\t\t\t\t\t\t\t\t\t<\/li>\n\t\t\t\t\t\t<\/ul>\n\t\t\t\t<\/div>\n\t\t\t\t<\/div>\n\t\t\t\t\t<\/div>\n\t\t\t\t<\/div>\n\t\t<div class=\"elementor-element elementor-element-5d2015a e-flex e-con-boxed e-con\" data-id=\"5d2015a\" data-element_type=\"container\" data-settings=\"{&quot;content_width&quot;:&quot;boxed&quot;}\">\n\t\t\t\t\t<div class=\"e-con-inner\">\n\t\t\t\t<div class=\"elementor-element elementor-element-fae8ee4 elementor-widget elementor-widget-heading\" data-id=\"fae8ee4\" data-element_type=\"widget\" data-widget_type=\"heading.default\">\n\t\t\t\t<div class=\"elementor-widget-container\">\n\t\t\t<style>\/*! elementor - v3.15.0 - 20-08-2023 *\/\n.elementor-heading-title{padding:0;margin:0;line-height:1}.elementor-widget-heading .elementor-heading-title[class*=elementor-size-]>a{color:inherit;font-size:inherit;line-height:inherit}.elementor-widget-heading .elementor-heading-title.elementor-size-small{font-size:15px}.elementor-widget-heading .elementor-heading-title.elementor-size-medium{font-size:19px}.elementor-widget-heading .elementor-heading-title.elementor-size-large{font-size:29px}.elementor-widget-heading .elementor-heading-title.elementor-size-xl{font-size:39px}.elementor-widget-heading .elementor-heading-title.elementor-size-xxl{font-size:59px}<\/style><h2 class=\"elementor-heading-title elementor-size-default\">Fechamento de \u00c1rea<\/h2>\t\t<\/div>\n\t\t\t\t<\/div>\n\t\t\t\t\t<\/div>\n\t\t\t\t<\/div>\n\t\t<div class=\"elementor-element elementor-element-f5d1253 e-flex e-con-boxed e-con\" data-id=\"f5d1253\" data-element_type=\"container\" data-settings=\"{&quot;content_width&quot;:&quot;boxed&quot;}\">\n\t\t\t\t\t<div class=\"e-con-inner\">\n\t\t<div class=\"elementor-element elementor-element-304a2ed e-con-full e-flex e-con\" data-id=\"304a2ed\" data-element_type=\"container\" data-settings=\"{&quot;content_width&quot;:&quot;full&quot;}\">\n\t\t\t\t<div class=\"elementor-element elementor-element-1bd5e3a elementor-widget elementor-widget-image\" data-id=\"1bd5e3a\" data-element_type=\"widget\" data-widget_type=\"image.default\">\n\t\t\t\t<div class=\"elementor-widget-container\">\n\t\t\t<style>\/*! elementor - v3.15.0 - 20-08-2023 *\/\n.elementor-widget-image{text-align:center}.elementor-widget-image a{display:inline-block}.elementor-widget-image a img[src$=\".svg\"]{width:48px}.elementor-widget-image img{vertical-align:middle;display:inline-block}<\/style>\t\t\t\t\t\t\t\t\t\t\t\t<img loading=\"lazy\" decoding=\"async\" width=\"1024\" height=\"1024\" src=\"https:\/\/gradesleao.com.br\/wp-content\/uploads\/2023\/09\/Copia-de-Sem-nome.png\" class=\"attachment-large size-large wp-image-917\" alt=\"\" srcset=\"https:\/\/gradesleao.com.br\/wp-content\/uploads\/2023\/09\/Copia-de-Sem-nome.png 1024w, https:\/\/gradesleao.com.br\/wp-content\/uploads\/2023\/09\/Copia-de-Sem-nome-300x300.png 300w, https:\/\/gradesleao.com.br\/wp-content\/uploads\/2023\/09\/Copia-de-Sem-nome-150x150.png 150w, https:\/\/gradesleao.com.br\/wp-content\/uploads\/2023\/09\/Copia-de-Sem-nome-768x768.png 768w, https:\/\/gradesleao.com.br\/wp-content\/uploads\/2023\/09\/Copia-de-Sem-nome-230x230.png 230w, https:\/\/gradesleao.com.br\/wp-content\/uploads\/2023\/09\/Copia-de-Sem-nome-400x400.png 400w, https:\/\/gradesleao.com.br\/wp-content\/uploads\/2023\/09\/Copia-de-Sem-nome-600x600.png 600w, https:\/\/gradesleao.com.br\/wp-content\/uploads\/2023\/09\/Copia-de-Sem-nome-640x640.png 640w\" sizes=\"auto, (max-width: 1024px) 100vw, 1024px\" \/>\t\t\t\t\t\t\t\t\t\t\t\t\t\t\t<\/div>\n\t\t\t\t<\/div>\n\t\t\t\t<div class=\"elementor-element elementor-element-e4f51b6 elementor-widget elementor-widget-heading\" data-id=\"e4f51b6\" data-element_type=\"widget\" data-widget_type=\"heading.default\">\n\t\t\t\t<div class=\"elementor-widget-container\">\n\t\t\t<h2 class=\"elementor-heading-title elementor-size-default\">Gradil de Prote\u00e7\u00e3o<\/h2>\t\t<\/div>\n\t\t\t\t<\/div>\n\t\t\t\t<div class=\"elementor-element elementor-element-1f1a5ce elementor-widget elementor-widget-button\" data-id=\"1f1a5ce\" data-element_type=\"widget\" data-widget_type=\"button.default\">\n\t\t\t\t<div class=\"elementor-widget-container\">\n\t\t\t\t\t<div class=\"elementor-button-wrapper\">\n\t\t\t<a class=\"elementor-button elementor-button-link elementor-size-sm\" href=\"http:\/\/gradesleao.com.br\/index.php\/gradil-de-protecao\/\">\n\t\t\t\t\t\t<span class=\"elementor-button-content-wrapper\">\n\t\t\t\t\t\t<span class=\"elementor-button-text\">Saiba mais<\/span>\n\t\t<\/span>\n\t\t\t\t\t<\/a>\n\t\t<\/div>\n\t\t\t\t<\/div>\n\t\t\t\t<\/div>\n\t\t\t\t<\/div>\n\t\t<div class=\"elementor-element elementor-element-dc2cca3 e-con-full e-flex e-con\" data-id=\"dc2cca3\" data-element_type=\"container\" data-settings=\"{&quot;content_width&quot;:&quot;full&quot;}\">\n\t\t\t\t<div class=\"elementor-element elementor-element-425fd8e elementor-widget elementor-widget-image\" data-id=\"425fd8e\" data-element_type=\"widget\" data-widget_type=\"image.default\">\n\t\t\t\t<div class=\"elementor-widget-container\">\n\t\t\t\t\t\t\t\t\t\t\t\t\t\t\t<img loading=\"lazy\" decoding=\"async\" width=\"1024\" height=\"1024\" src=\"https:\/\/gradesleao.com.br\/wp-content\/uploads\/2023\/10\/Gradil-Stadium-2.jpg\" class=\"attachment-large size-large wp-image-1178\" alt=\"\" srcset=\"https:\/\/gradesleao.com.br\/wp-content\/uploads\/2023\/10\/Gradil-Stadium-2.jpg 1024w, https:\/\/gradesleao.com.br\/wp-content\/uploads\/2023\/10\/Gradil-Stadium-2-300x300.jpg 300w, https:\/\/gradesleao.com.br\/wp-content\/uploads\/2023\/10\/Gradil-Stadium-2-150x150.jpg 150w, https:\/\/gradesleao.com.br\/wp-content\/uploads\/2023\/10\/Gradil-Stadium-2-768x768.jpg 768w, https:\/\/gradesleao.com.br\/wp-content\/uploads\/2023\/10\/Gradil-Stadium-2-230x230.jpg 230w, https:\/\/gradesleao.com.br\/wp-content\/uploads\/2023\/10\/Gradil-Stadium-2-400x400.jpg 400w, https:\/\/gradesleao.com.br\/wp-content\/uploads\/2023\/10\/Gradil-Stadium-2-600x600.jpg 600w, https:\/\/gradesleao.com.br\/wp-content\/uploads\/2023\/10\/Gradil-Stadium-2-640x640.jpg 640w\" sizes=\"auto, (max-width: 1024px) 100vw, 1024px\" \/>\t\t\t\t\t\t\t\t\t\t\t\t\t\t\t<\/div>\n\t\t\t\t<\/div>\n\t\t\t\t<div class=\"elementor-element elementor-element-0d3964e elementor-widget elementor-widget-heading\" data-id=\"0d3964e\" data-element_type=\"widget\" data-widget_type=\"heading.default\">\n\t\t\t\t<div class=\"elementor-widget-container\">\n\t\t\t<h2 class=\"elementor-heading-title elementor-size-default\">Gradil Stadium<\/h2>\t\t<\/div>\n\t\t\t\t<\/div>\n\t\t\t\t<div class=\"elementor-element elementor-element-2a27b7c elementor-widget elementor-widget-button\" data-id=\"2a27b7c\" data-element_type=\"widget\" data-widget_type=\"button.default\">\n\t\t\t\t<div class=\"elementor-widget-container\">\n\t\t\t\t\t<div class=\"elementor-button-wrapper\">\n\t\t\t<a class=\"elementor-button elementor-button-link elementor-size-sm\" href=\"http:\/\/gradesleao.com.br\/index.php\/gradil-stadium\/\">\n\t\t\t\t\t\t<span class=\"elementor-button-content-wrapper\">\n\t\t\t\t\t\t<span class=\"elementor-button-text\">Saiba mais<\/span>\n\t\t<\/span>\n\t\t\t\t\t<\/a>\n\t\t<\/div>\n\t\t\t\t<\/div>\n\t\t\t\t<\/div>\n\t\t\t\t<\/div>\n\t\t<div class=\"elementor-element elementor-element-2063599 e-con-full e-flex e-con\" data-id=\"2063599\" data-element_type=\"container\" data-settings=\"{&quot;content_width&quot;:&quot;full&quot;}\">\n\t\t\t\t<div class=\"elementor-element elementor-element-35b5f28 elementor-widget elementor-widget-image\" data-id=\"35b5f28\" data-element_type=\"widget\" data-widget_type=\"image.default\">\n\t\t\t\t<div class=\"elementor-widget-container\">\n\t\t\t\t\t\t\t\t\t\t\t\t\t\t\t<img loading=\"lazy\" decoding=\"async\" width=\"1024\" height=\"1024\" src=\"https:\/\/gradesleao.com.br\/wp-content\/uploads\/2023\/09\/4-1.png\" class=\"attachment-large size-large wp-image-703\" alt=\"\" srcset=\"https:\/\/gradesleao.com.br\/wp-content\/uploads\/2023\/09\/4-1.png 1024w, https:\/\/gradesleao.com.br\/wp-content\/uploads\/2023\/09\/4-1-300x300.png 300w, https:\/\/gradesleao.com.br\/wp-content\/uploads\/2023\/09\/4-1-150x150.png 150w, https:\/\/gradesleao.com.br\/wp-content\/uploads\/2023\/09\/4-1-768x768.png 768w, https:\/\/gradesleao.com.br\/wp-content\/uploads\/2023\/09\/4-1-230x230.png 230w, https:\/\/gradesleao.com.br\/wp-content\/uploads\/2023\/09\/4-1-400x400.png 400w, https:\/\/gradesleao.com.br\/wp-content\/uploads\/2023\/09\/4-1-600x600.png 600w, https:\/\/gradesleao.com.br\/wp-content\/uploads\/2023\/09\/4-1-640x640.png 640w\" sizes=\"auto, (max-width: 1024px) 100vw, 1024px\" \/>\t\t\t\t\t\t\t\t\t\t\t\t\t\t\t<\/div>\n\t\t\t\t<\/div>\n\t\t\t\t<div class=\"elementor-element elementor-element-653c684 elementor-widget elementor-widget-heading\" data-id=\"653c684\" data-element_type=\"widget\" data-widget_type=\"heading.default\">\n\t\t\t\t<div class=\"elementor-widget-container\">\n\t\t\t<h2 class=\"elementor-heading-title elementor-size-default\">Portas<\/h2>\t\t<\/div>\n\t\t\t\t<\/div>\n\t\t\t\t<div class=\"elementor-element elementor-element-c5b277b elementor-widget elementor-widget-button\" data-id=\"c5b277b\" data-element_type=\"widget\" data-widget_type=\"button.default\">\n\t\t\t\t<div class=\"elementor-widget-container\">\n\t\t\t\t\t<div class=\"elementor-button-wrapper\">\n\t\t\t<a class=\"elementor-button elementor-button-link elementor-size-sm\" href=\"http:\/\/gradesleao.com.br\/index.php\/portas\/\">\n\t\t\t\t\t\t<span class=\"elementor-button-content-wrapper\">\n\t\t\t\t\t\t<span class=\"elementor-button-text\">Saiba mais<\/span>\n\t\t<\/span>\n\t\t\t\t\t<\/a>\n\t\t<\/div>\n\t\t\t\t<\/div>\n\t\t\t\t<\/div>\n\t\t\t\t<\/div>\n\t\t\t\t\t<\/div>\n\t\t\t\t<\/div>\n\t\t<div class=\"elementor-element elementor-element-07365f3 e-flex e-con-boxed e-con\" data-id=\"07365f3\" data-element_type=\"container\" data-settings=\"{&quot;content_width&quot;:&quot;boxed&quot;}\">\n\t\t\t\t\t<div class=\"e-con-inner\">\n\t\t<div class=\"elementor-element elementor-element-70e09a6 e-con-full e-flex e-con\" data-id=\"70e09a6\" data-element_type=\"container\" data-settings=\"{&quot;content_width&quot;:&quot;full&quot;}\">\n\t\t\t\t<div class=\"elementor-element elementor-element-d064841 elementor-widget elementor-widget-image\" data-id=\"d064841\" data-element_type=\"widget\" data-widget_type=\"image.default\">\n\t\t\t\t<div class=\"elementor-widget-container\">\n\t\t\t\t\t\t\t\t\t\t\t\t\t\t\t<img loading=\"lazy\" decoding=\"async\" width=\"1024\" height=\"1024\" src=\"https:\/\/gradesleao.com.br\/wp-content\/uploads\/2023\/09\/Portao-de-correr-2.png\" class=\"attachment-large size-large wp-image-1030\" alt=\"\" srcset=\"https:\/\/gradesleao.com.br\/wp-content\/uploads\/2023\/09\/Portao-de-correr-2.png 1024w, https:\/\/gradesleao.com.br\/wp-content\/uploads\/2023\/09\/Portao-de-correr-2-300x300.png 300w, https:\/\/gradesleao.com.br\/wp-content\/uploads\/2023\/09\/Portao-de-correr-2-150x150.png 150w, https:\/\/gradesleao.com.br\/wp-content\/uploads\/2023\/09\/Portao-de-correr-2-768x768.png 768w, https:\/\/gradesleao.com.br\/wp-content\/uploads\/2023\/09\/Portao-de-correr-2-230x230.png 230w, https:\/\/gradesleao.com.br\/wp-content\/uploads\/2023\/09\/Portao-de-correr-2-400x400.png 400w, https:\/\/gradesleao.com.br\/wp-content\/uploads\/2023\/09\/Portao-de-correr-2-600x600.png 600w, https:\/\/gradesleao.com.br\/wp-content\/uploads\/2023\/09\/Portao-de-correr-2-640x640.png 640w\" sizes=\"auto, (max-width: 1024px) 100vw, 1024px\" \/>\t\t\t\t\t\t\t\t\t\t\t\t\t\t\t<\/div>\n\t\t\t\t<\/div>\n\t\t\t\t<div class=\"elementor-element elementor-element-39d4e8a elementor-widget elementor-widget-heading\" data-id=\"39d4e8a\" data-element_type=\"widget\" data-widget_type=\"heading.default\">\n\t\t\t\t<div class=\"elementor-widget-container\">\n\t\t\t<h2 class=\"elementor-heading-title elementor-size-default\">Port\u00f5es<\/h2>\t\t<\/div>\n\t\t\t\t<\/div>\n\t\t\t\t<div class=\"elementor-element elementor-element-99c3952 elementor-widget elementor-widget-button\" data-id=\"99c3952\" data-element_type=\"widget\" data-widget_type=\"button.default\">\n\t\t\t\t<div class=\"elementor-widget-container\">\n\t\t\t\t\t<div class=\"elementor-button-wrapper\">\n\t\t\t<a class=\"elementor-button elementor-button-link elementor-size-sm\" href=\"http:\/\/gradesleao.com.br\/index.php\/portoes\/\">\n\t\t\t\t\t\t<span class=\"elementor-button-content-wrapper\">\n\t\t\t\t\t\t<span class=\"elementor-button-text\">Saiba mais<\/span>\n\t\t<\/span>\n\t\t\t\t\t<\/a>\n\t\t<\/div>\n\t\t\t\t<\/div>\n\t\t\t\t<\/div>\n\t\t\t\t<\/div>\n\t\t<div class=\"elementor-element elementor-element-b9e737d e-con-full e-flex e-con\" data-id=\"b9e737d\" data-element_type=\"container\" data-settings=\"{&quot;content_width&quot;:&quot;full&quot;}\">\n\t\t\t\t<div class=\"elementor-element elementor-element-f28559d elementor-widget elementor-widget-image\" data-id=\"f28559d\" data-element_type=\"widget\" data-widget_type=\"image.default\">\n\t\t\t\t<div class=\"elementor-widget-container\">\n\t\t\t\t\t\t\t\t\t\t\t\t\t\t\t<img loading=\"lazy\" decoding=\"async\" width=\"1024\" height=\"1024\" src=\"https:\/\/gradesleao.com.br\/wp-content\/uploads\/2023\/09\/Tela-Mosqueteiro.png\" class=\"attachment-large size-large wp-image-1040\" alt=\"\" srcset=\"https:\/\/gradesleao.com.br\/wp-content\/uploads\/2023\/09\/Tela-Mosqueteiro.png 1024w, https:\/\/gradesleao.com.br\/wp-content\/uploads\/2023\/09\/Tela-Mosqueteiro-300x300.png 300w, https:\/\/gradesleao.com.br\/wp-content\/uploads\/2023\/09\/Tela-Mosqueteiro-150x150.png 150w, https:\/\/gradesleao.com.br\/wp-content\/uploads\/2023\/09\/Tela-Mosqueteiro-768x768.png 768w, https:\/\/gradesleao.com.br\/wp-content\/uploads\/2023\/09\/Tela-Mosqueteiro-230x230.png 230w, https:\/\/gradesleao.com.br\/wp-content\/uploads\/2023\/09\/Tela-Mosqueteiro-400x400.png 400w, https:\/\/gradesleao.com.br\/wp-content\/uploads\/2023\/09\/Tela-Mosqueteiro-600x600.png 600w, https:\/\/gradesleao.com.br\/wp-content\/uploads\/2023\/09\/Tela-Mosqueteiro-640x640.png 640w\" sizes=\"auto, (max-width: 1024px) 100vw, 1024px\" \/>\t\t\t\t\t\t\t\t\t\t\t\t\t\t\t<\/div>\n\t\t\t\t<\/div>\n\t\t\t\t<div class=\"elementor-element elementor-element-a66c9ca elementor-widget elementor-widget-heading\" data-id=\"a66c9ca\" data-element_type=\"widget\" data-widget_type=\"heading.default\">\n\t\t\t\t<div class=\"elementor-widget-container\">\n\t\t\t<h2 class=\"elementor-heading-title elementor-size-default\">Tela Fechamento com Requadro<\/h2>\t\t<\/div>\n\t\t\t\t<\/div>\n\t\t\t\t<div class=\"elementor-element elementor-element-13b2c6d elementor-widget elementor-widget-button\" data-id=\"13b2c6d\" data-element_type=\"widget\" data-widget_type=\"button.default\">\n\t\t\t\t<div class=\"elementor-widget-container\">\n\t\t\t\t\t<div class=\"elementor-button-wrapper\">\n\t\t\t<a class=\"elementor-button elementor-button-link elementor-size-sm\" href=\"http:\/\/gradesleao.com.br\/index.php\/tela-fechamento-com-requadro\/\">\n\t\t\t\t\t\t<span class=\"elementor-button-content-wrapper\">\n\t\t\t\t\t\t<span class=\"elementor-button-text\">Saiba mais<\/span>\n\t\t<\/span>\n\t\t\t\t\t<\/a>\n\t\t<\/div>\n\t\t\t\t<\/div>\n\t\t\t\t<\/div>\n\t\t\t\t<\/div>\n\t\t<div class=\"elementor-element elementor-element-8a5a04c e-con-full e-flex e-con\" data-id=\"8a5a04c\" data-element_type=\"container\" data-settings=\"{&quot;content_width&quot;:&quot;full&quot;}\">\n\t\t\t\t<\/div>\n\t\t\t\t\t<\/div>\n\t\t\t\t<\/div>\n\t\t<div class=\"elementor-element elementor-element-dd0f6f3 e-flex e-con-boxed e-con\" data-id=\"dd0f6f3\" data-element_type=\"container\" data-settings=\"{&quot;content_width&quot;:&quot;boxed&quot;}\">\n\t\t\t\t\t<div class=\"e-con-inner\">\n\t\t\t\t<div class=\"elementor-element elementor-element-87e36a8 elementor-widget elementor-widget-spacer\" data-id=\"87e36a8\" data-element_type=\"widget\" data-widget_type=\"spacer.default\">\n\t\t\t\t<div class=\"elementor-widget-container\">\n\t\t\t<style>\/*! elementor - v3.15.0 - 20-08-2023 *\/\n.elementor-column .elementor-spacer-inner{height:var(--spacer-size)}.e-con{--container-widget-width:100%}.e-con-inner>.elementor-widget-spacer,.e-con>.elementor-widget-spacer{width:var(--container-widget-width,var(--spacer-size));--align-self:var(--container-widget-align-self,initial);--flex-shrink:0}.e-con-inner>.elementor-widget-spacer>.elementor-widget-container,.e-con-inner>.elementor-widget-spacer>.elementor-widget-container>.elementor-spacer,.e-con>.elementor-widget-spacer>.elementor-widget-container,.e-con>.elementor-widget-spacer>.elementor-widget-container>.elementor-spacer{height:100%}.e-con-inner>.elementor-widget-spacer>.elementor-widget-container>.elementor-spacer>.elementor-spacer-inner,.e-con>.elementor-widget-spacer>.elementor-widget-container>.elementor-spacer>.elementor-spacer-inner{height:var(--container-widget-height,var(--spacer-size))}<\/style>\t\t<div class=\"elementor-spacer\">\n\t\t\t<div class=\"elementor-spacer-inner\"><\/div>\n\t\t<\/div>\n\t\t\t\t<\/div>\n\t\t\t\t<\/div>\n\t\t\t\t\t<\/div>\n\t\t\t\t<\/div>\n\t\t\t\t\t\t\t<\/div>\n\t\t","protected":false},"excerpt":{"rendered":"<p>Home Produtos Fechamento de \u00c1rea Fechamento de \u00c1rea Gradil de Prote\u00e7\u00e3o Saiba mais Gradil Stadium Saiba mais Portas Saiba mais Port\u00f5es Saiba mais Tela Fechamento com Requadro Saiba mais<\/p>\n","protected":false},"author":1,"featured_media":0,"parent":0,"menu_order":0,"comment_status":"closed","ping_status":"closed","template":"elementor_header_footer","meta":{"footnotes":""},"class_list":["post-46","page","type-page","status-publish","hentry"],"_links":{"self":[{"href":"https:\/\/gradesleao.com.br\/index.php\/wp-json\/wp\/v2\/pages\/46","targetHints":{"allow":["GET"]}}],"collection":[{"href":"https:\/\/gradesleao.com.br\/index.php\/wp-json\/wp\/v2\/pages"}],"about":[{"href":"https:\/\/gradesleao.com.br\/index.php\/wp-json\/wp\/v2\/types\/page"}],"author":[{"embeddable":true,"href":"https:\/\/gradesleao.com.br\/index.php\/wp-json\/wp\/v2\/users\/1"}],"replies":[{"embeddable":true,"href":"https:\/\/gradesleao.com.br\/index.php\/wp-json\/wp\/v2\/comments?post=46"}],"version-history":[{"count":67,"href":"https:\/\/gradesleao.com.br\/index.php\/wp-json\/wp\/v2\/pages\/46\/revisions"}],"predecessor-version":[{"id":1184,"href":"https:\/\/gradesleao.com.br\/index.php\/wp-json\/wp\/v2\/pages\/46\/revisions\/1184"}],"wp:attachment":[{"href":"https:\/\/gradesleao.com.br\/index.php\/wp-json\/wp\/v2\/media?parent=46"}],"curies":[{"name":"wp","href":"https:\/\/api.w.org\/{rel}","templated":true}]}}